{"id":2490,"date":"2018-06-25T12:30:00","date_gmt":"2018-06-25T12:30:00","guid":{"rendered":"https:\/\/mqperformance.ch\/?page_id=2490"},"modified":"2018-06-25T12:30:00","modified_gmt":"2018-06-25T12:30:00","slug":"agb","status":"publish","type":"page","link":"https:\/\/mqperformance.ch\/?page_id=2490","title":{"rendered":"AGB"},"content":{"rendered":"<h1>AGB<\/h1>\n<p>1. Allgemeines<br \/>\nF\u00fcr Vertragsabschl\u00fcsse aller Art sind in jedem Fall diese Verkaufs-, Liefer und Zahlungsbedingungen massgebend, die Vertragsbestandteil sind. Der Vertrag kommt mit Auftrag des Bestellers zustande.<\/p>\n<p>2. Preise<br \/>\nUnsere Preise verstehen sich grunds\u00e4tzlich ohne anderslautende Angaben ab Lager Stein, zzgl. Versandkosten, inkl. 7.7 % MwSt. Wir behalten uns das Recht auf Preis\u00e4nderung und Umgestaltung unseres Warenangebotes vor.<\/p>\n<p>3. Versand<br \/>\nDer Versand erfolgt per Vorkasse. Ab der zweiten Bestellung wird innerhalb der Schweiz\/Lichtenstein auch per Rechnung geliefert.<\/p>\n<p>4. Lieferung<br \/>\nWir liefern f\u00fcr den privaten und gewerblichen Bedarf. Die Lieferung durch uns erfolgt unter dem Vorbehalt, dass wir selbst richtig und rechtzeitig beliefert werden und die fehlende Verf\u00fcgbarkeit der Ware nicht zu vertreten haben. Schadensersatz wegen zu sp\u00e4ter oder ausbleibender Lieferung bleibt ausgeschlossen.<\/p>\n<p>5. Zahlung<br \/>\nFalls nicht anders ausgezeichnet gelten alle Preise in CHF (Schweizer Franken).<\/p>\n<p>6. Haftung<br \/>\nF\u00fcr Druckfehler und Dir unbekannte \u00c4nderungen unserer Angebote \u00fcbernehmen wir keine Haftung. Die Lieferung erfolgt immer auf Gefahr des Bestellers. \u00c4nderungen, \u00c4nderungen im Design bzw. technische Weiterentwicklungen unserer Produkte sind m\u00f6glich und bleiben ausdr\u00fccklich vorbehalten.<\/p>\n<p>7. R\u00fcckgaberecht<br \/>\nEine Recht auf R\u00fcckgabe wegen z. B. Nichtgefallen etc. besteht generell nicht. Mangelhafte Ware nach Absprache und in einwandfreiem, originalverpackten Zustand zur\u00fccksenden. Die R\u00fccksendung geht zu Lasten des Bestellers. Sollten Artikel Material- oder Herstellungsfehler aufweisen, so reklamiere bitte sofort nach Erhalt der Ware. Das Recht des Bestellers, Anspr\u00fcche aus M\u00e4ngel geltend zu machen, erlischt 7 Tage nach Erhalt der Ware.<\/p>\n<p>8. Eigentumsvorbehalt<br \/>\nDie gelieferte Ware bleibt bis zur vollst\u00e4ndigen Bezahlung unser Eigentum. Die Weiterver\u00e4usserung der Vorbehaltsware ist dem K\u00e4ufer nur im ordentlichen Gesch\u00e4ftsverkehr gestattet. Mit Zahlungsverzug erlischt das Recht zur Weiterver\u00e4usserung.<\/p>\n<p>9. Gerichtsstand &amp; Anzuwendendes Recht<br \/>\nErf\u00fcllungsort und Gerichtsstand f\u00fcr alle Parteien ist das Domizil des Verk\u00e4ufers. F\u00fcr alle Gesch\u00e4ftsbeziehungen, auch bei Auslandsber\u00fchrung und f\u00fcr die Auslegung dieser Bedingungen gilt ausschliesslich das Recht und die Gesetze der Schweiz.<\/p>\n<p>10. Datenschutz<br \/>\nDie im Rahmen Deiner Bestellung notwendigen Daten werden gespeichert. Die Behandlung der Daten erfolgt in \u00dcbereinstimmung mit den Bestimmungen des Datenschutzgesetzes. Wir verpflichten uns, Deine pers\u00f6nlichen Daten ohne vorg\u00e4ngige Absprache Dritten nicht zug\u00e4nglich zu machen.<\/p>\n<p>11. G\u00fcltigkeit<br \/>\nWir liefern in der hier genannten Weise. Abweichende Bedingungen des Bestellers k\u00f6nnen nicht anerkannt werden, auch wenn diesen nicht ausdr\u00fccklich widersprochen wurde. Sollten einzelne Bedingungen dieser allgemeinen Gesch\u00e4ftsbedingungen unwirksam sein, so wird dadurch die G\u00fcltigkeit der anderen Bedingungen nicht ber\u00fchrt.<\/p>\n","protected":false},"excerpt":{"rendered":"<p>AGB 1. Allgemeines F\u00fcr Vertragsabschl\u00fcsse aller Art sind in jedem Fall diese Verkaufs-, Liefer und Zahlungsbedingungen massgebend, die Vertragsbestandteil sind. Der Vertrag kommt mit Auftrag des Bestellers zustande. 2. Preise Unsere Preise verstehen sich grunds\u00e4tzlich ohne anderslautende Angaben ab Lager Stein, zzgl. Versandkosten, inkl. 7.7 % MwSt. Wir behalten uns das Recht auf Preis\u00e4nderung und<a href=\"https:\/\/mqperformance.ch\/?page_id=2490\" class=\"more-link\">Continue reading <span class=\"screen-reader-text\">AGB<\/span><\/a><\/p>\n","protected":false},"author":1,"featured_media":0,"parent":0,"menu_order":0,"comment_status":"closed","ping_status":"closed","template":"","meta":{"_exactmetrics_skip_tracking":false,"_exactmetrics_sitenote_active":false,"_exactmetrics_sitenote_note":"","_exactmetrics_sitenote_category":0,"ngg_post_thumbnail":0,"footnotes":""},"class_list":["post-2490","page","type-page","status-publish","hentry"],"_links":{"self":[{"href":"https:\/\/mqperformance.ch\/index.php?rest_route=\/wp\/v2\/pages\/2490","targetHints":{"allow":["GET"]}}],"collection":[{"href":"https:\/\/mqperformance.ch\/index.php?rest_route=\/wp\/v2\/pages"}],"about":[{"href":"https:\/\/mqperformance.ch\/index.php?rest_route=\/wp\/v2\/types\/page"}],"author":[{"embeddable":true,"href":"https:\/\/mqperformance.ch\/index.php?rest_route=\/wp\/v2\/users\/1"}],"replies":[{"embeddable":true,"href":"https:\/\/mqperformance.ch\/index.php?rest_route=%2Fwp%2Fv2%2Fcomments&post=2490"}],"version-history":[{"count":1,"href":"https:\/\/mqperformance.ch\/index.php?rest_route=\/wp\/v2\/pages\/2490\/revisions"}],"predecessor-version":[{"id":2491,"href":"https:\/\/mqperformance.ch\/index.php?rest_route=\/wp\/v2\/pages\/2490\/revisions\/2491"}],"wp:attachment":[{"href":"https:\/\/mqperformance.ch\/index.php?rest_route=%2Fwp%2Fv2%2Fmedia&parent=2490"}],"curies":[{"name":"wp","href":"https:\/\/api.w.org\/{rel}","templated":true}]}}