{"id":2466,"date":"2018-06-25T11:28:21","date_gmt":"2018-06-25T11:28:21","guid":{"rendered":"https:\/\/mqperformance.ch\/?page_id=2466"},"modified":"2024-11-14T10:13:19","modified_gmt":"2024-11-14T09:13:19","slug":"specials","status":"publish","type":"page","link":"https:\/\/mqperformance.ch\/?page_id=2466","title":{"rendered":"LEO VINCE, SITO UND SILVERTAIL Auspuffe"},"content":{"rendered":"\n<p>Als Leo Vince-Partner k\u00f6nnen wir Dir passende Auspuff-Endt\u00f6pfe oder Komplettanlagen anbieten.<\/p>\n\n\n\n<p>Mit CH-Genehmigung oder als &#171;Race Only&#187;.<\/p>\n\n\n\n<p>Frage uns einfach an ob LEO VINCE, SITO oder SILVERTAIL ein passendes Produkt f\u00fcr Dein Modell anbietet.<\/p>\n\n\n\n<p>&nbsp;<\/p>\n\n\n\n<figure class=\"wp-block-image size-medium\"><img loading=\"lazy\" decoding=\"async\" width=\"225\" height=\"300\" src=\"https:\/\/mqperformance.ch\/wp-content\/uploads\/2024\/11\/Leo-Vince-Official-Dealer-225x300.jpg\" alt=\"\" class=\"wp-image-3325\" srcset=\"https:\/\/mqperformance.ch\/wp-content\/uploads\/2024\/11\/Leo-Vince-Official-Dealer-225x300.jpg 225w, https:\/\/mqperformance.ch\/wp-content\/uploads\/2024\/11\/Leo-Vince-Official-Dealer-768x1024.jpg 768w, https:\/\/mqperformance.ch\/wp-content\/uploads\/2024\/11\/Leo-Vince-Official-Dealer-1152x1536.jpg 1152w, https:\/\/mqperformance.ch\/wp-content\/uploads\/2024\/11\/Leo-Vince-Official-Dealer-1536x2048.jpg 1536w, https:\/\/mqperformance.ch\/wp-content\/uploads\/2024\/11\/Leo-Vince-Official-Dealer-scaled.jpg 1920w\" sizes=\"auto, (max-width: 225px) 100vw, 225px\" \/><\/figure>\n\n\n\n<p>Auch haben wir f\u00fcr nicht mehr gelistete und \u00e4ltere Modelle, diverse NEUWAREN-AUSPUFFE von LEO VINCE an Lager, die nicht mehr produziert werden! <\/p>\n\n\n\n<p>LEO VINCE, SITO, X3 und SILVERTAIL Auspuffe.<\/p>\n\n\n\n<p>Hier findest Du die aktuelle <strong><mark style=\"background-color:rgba(0, 0, 0, 0)\" class=\"has-inline-color has-vivid-red-color\"><a href=\"https:\/\/mqperformance.ch\/wp-content\/uploads\/2023\/12\/Homepageliste-Auspufflagerliste-NEUWARE.pdf\">NEUWAREN-AUSPUFF-LAGERLISTE<\/a><\/mark><\/strong>.<\/p>\n\n\n\n<p><\/p>\n\n\n","protected":false},"excerpt":{"rendered":"<p>Als Leo Vince-Partner k\u00f6nnen wir Dir passende Auspuff-Endt\u00f6pfe oder Komplettanlagen anbieten. Mit CH-Genehmigung oder als &#171;Race Only&#187;. Frage uns einfach an ob LEO VINCE, SITO oder SILVERTAIL ein passendes Produkt f\u00fcr Dein Modell anbietet. &nbsp; Auch haben wir f\u00fcr nicht mehr gelistete und \u00e4ltere Modelle, diverse NEUWAREN-AUSPUFFE von LEO VINCE an Lager, die nicht mehr<a href=\"https:\/\/mqperformance.ch\/?page_id=2466\" class=\"more-link\">Continue reading <span class=\"screen-reader-text\">LEO VINCE, SITO UND SILVERTAIL Auspuffe<\/span><\/a><\/p>\n","protected":false},"author":1,"featured_media":0,"parent":0,"menu_order":0,"comment_status":"closed","ping_status":"closed","template":"","meta":{"_exactmetrics_skip_tracking":false,"_exactmetrics_sitenote_active":false,"_exactmetrics_sitenote_note":"","_exactmetrics_sitenote_category":0,"ngg_post_thumbnail":0,"footnotes":""},"class_list":["post-2466","page","type-page","status-publish","hentry"],"_links":{"self":[{"href":"https:\/\/mqperformance.ch\/index.php?rest_route=\/wp\/v2\/pages\/2466","targetHints":{"allow":["GET"]}}],"collection":[{"href":"https:\/\/mqperformance.ch\/index.php?rest_route=\/wp\/v2\/pages"}],"about":[{"href":"https:\/\/mqperformance.ch\/index.php?rest_route=\/wp\/v2\/types\/page"}],"author":[{"embeddable":true,"href":"https:\/\/mqperformance.ch\/index.php?rest_route=\/wp\/v2\/users\/1"}],"replies":[{"embeddable":true,"href":"https:\/\/mqperformance.ch\/index.php?rest_route=%2Fwp%2Fv2%2Fcomments&post=2466"}],"version-history":[{"count":11,"href":"https:\/\/mqperformance.ch\/index.php?rest_route=\/wp\/v2\/pages\/2466\/revisions"}],"predecessor-version":[{"id":3328,"href":"https:\/\/mqperformance.ch\/index.php?rest_route=\/wp\/v2\/pages\/2466\/revisions\/3328"}],"wp:attachment":[{"href":"https:\/\/mqperformance.ch\/index.php?rest_route=%2Fwp%2Fv2%2Fmedia&parent=2466"}],"curies":[{"name":"wp","href":"https:\/\/api.w.org\/{rel}","templated":true}]}}