{"id":2144,"date":"2018-05-02T13:59:41","date_gmt":"2018-05-02T13:59:41","guid":{"rendered":"http:\/\/mqperformance.ch.80-74-153-170.malta.metanet.ch\/?page_id=2144"},"modified":"2018-06-28T14:30:48","modified_gmt":"2018-06-28T12:30:48","slug":"impressum","status":"publish","type":"page","link":"https:\/\/mqperformance.ch\/?page_id=2144","title":{"rendered":"Impressum &#038; Disclaimer"},"content":{"rendered":"<h1>Impressum<\/h1>\n<p>Herausgeber:<\/p>\n<p>mq performance<br \/>\nMarcel Quici<br \/>\nZ\u00fcrcherstrasse 26<br \/>\n4332 Stein<\/p>\n<p>Email:&nbsp;<script type=\"text\/javascript\">\/\/ <![CDATA[\nvar a=\"mqperformance\";\nvar b=\"gmx.ch\";\ndocument.write('<a href=\"mailto:'+a+'@'+b+'\">'+a+'@'+b+'<\/a>');\n\/\/ ]]><\/script><br \/>\nTel. : +41 62 558 66 77<\/p>\n<p>Redaktionelle und technische Verantwortung:<br \/>\nmq performance, Marcel Quici<\/p>\n<h1>Disclaimer<\/h1>\n<p><strong>Haftung f\u00fcr Inhalte<\/strong><br \/>\nObwohl wir uns um Aktualit\u00e4t, Vollst\u00e4ndigkeit und Richtigkeit der Inhalte unserer Seiten bem\u00fchen, k\u00f6nnen wir hierf\u00fcr keine Garantie \u00fcbernehmen.<\/p>\n<p><strong>Haftung f\u00fcr Links<\/strong><br \/>\nUnsere Seiten enthalten Links auf externe Webseiten Dritter, wir haben jedoch keinen Einfluss auf die Inhalte dieser verlinkten Webseiten. F\u00fcr die Richtigkeit der Inhalte ist immer der jeweilige Anbieter oder Betreiber verantwortlich, weshalb wir diesbez\u00fcglich keinerlei Gew\u00e4hr \u00fcbernehmen.<\/p>\n<p><strong>Urheberrecht<\/strong><br \/>\nDie durch den Betreiber dieser Seite erstellten Inhalte und Werke auf diesen Webseiten unterliegen dem Urheberrecht. S\u00e4mtliche Beitr\u00e4ge Dritter sind als solche gekennzeichnet. Die Vervielf\u00e4ltigung, Bearbeitung, Verbreitung und jede Art der Verwertung bed\u00fcrfen der schriftlichen Zustimmung des jeweiligen Autors bzw. Erstellers. Kopien von diesen Seiten sind nicht gestattet.<\/p>\n<p><strong>Datenschutz<\/strong><br \/>\nWir \u00fcbernehmen keine Gew\u00e4hr f\u00fcr die Sicherheit der Daten\u00fcbertragung im Internet, insbesondere bei der \u00dcbertragung von Daten per E-Mail.<\/p>\n<p>Im Falle der Erhebung personenbezogener Daten auf unseren Seiten erfolgt die Preisgabe dieser Daten seitens des Nutzers stets auf freiwilliger Basis. Die Inanspruchnahme und Bezahlung aller angebotenen Dienste ist auch ohne Angabe solcher Daten bzw. unter Angabe anonymisierter Daten oder eines Pseudonyms gestattet, soweit dies technisch m\u00f6glich und zumutbar ist.<\/p>\n<p>Einer Nutzung der im Impressum ver\u00f6ffentlichten Kontaktdaten durch Dritte zu Werbezwecken wird hiermit ausdr\u00fccklich untersagt. Der Betreiber beh\u00e4lt sich f\u00fcr den Fall unverlangt zugesandter Werbe- oder Informationsmaterialien ausdr\u00fccklich rechtliche Schritte vor.<\/p>\n<p><strong>Rechtswirksamkeit dieses Haftungsausschlusses<\/strong><br \/>\nSollten einzelne Regelungen oder Formulierungen dieses Haftungsausschlusses unwirksam sein oder werden, bleiben die \u00fcbrigen Regelungen in ihrem Inhalt und ihrer G\u00fcltigkeit hiervon unber\u00fchrt.<\/p>\n","protected":false},"excerpt":{"rendered":"<p>Impressum Herausgeber: mq performance Marcel Quici Z\u00fcrcherstrasse 26 4332 Stein Email:&nbsp; Tel. : +41 62 558 66 77 Redaktionelle und technische Verantwortung: mq performance, Marcel Quici Disclaimer Haftung f\u00fcr Inhalte Obwohl wir uns um Aktualit\u00e4t, Vollst\u00e4ndigkeit und Richtigkeit der Inhalte unserer Seiten bem\u00fchen, k\u00f6nnen wir hierf\u00fcr keine Garantie \u00fcbernehmen. Haftung f\u00fcr Links Unsere Seiten enthalten<a href=\"https:\/\/mqperformance.ch\/?page_id=2144\" class=\"more-link\">Continue reading <span class=\"screen-reader-text\">Impressum &#038; Disclaimer<\/span><\/a><\/p>\n","protected":false},"author":1,"featured_media":0,"parent":0,"menu_order":0,"comment_status":"closed","ping_status":"closed","template":"","meta":{"_exactmetrics_skip_tracking":false,"_exactmetrics_sitenote_active":false,"_exactmetrics_sitenote_note":"","_exactmetrics_sitenote_category":0,"ngg_post_thumbnail":0,"footnotes":""},"class_list":["post-2144","page","type-page","status-publish","hentry"],"_links":{"self":[{"href":"https:\/\/mqperformance.ch\/index.php?rest_route=\/wp\/v2\/pages\/2144","targetHints":{"allow":["GET"]}}],"collection":[{"href":"https:\/\/mqperformance.ch\/index.php?rest_route=\/wp\/v2\/pages"}],"about":[{"href":"https:\/\/mqperformance.ch\/index.php?rest_route=\/wp\/v2\/types\/page"}],"author":[{"embeddable":true,"href":"https:\/\/mqperformance.ch\/index.php?rest_route=\/wp\/v2\/users\/1"}],"replies":[{"embeddable":true,"href":"https:\/\/mqperformance.ch\/index.php?rest_route=%2Fwp%2Fv2%2Fcomments&post=2144"}],"version-history":[{"count":12,"href":"https:\/\/mqperformance.ch\/index.php?rest_route=\/wp\/v2\/pages\/2144\/revisions"}],"predecessor-version":[{"id":2535,"href":"https:\/\/mqperformance.ch\/index.php?rest_route=\/wp\/v2\/pages\/2144\/revisions\/2535"}],"wp:attachment":[{"href":"https:\/\/mqperformance.ch\/index.php?rest_route=%2Fwp%2Fv2%2Fmedia&parent=2144"}],"curies":[{"name":"wp","href":"https:\/\/api.w.org\/{rel}","templated":true}]}}