{"id":2142,"date":"2018-05-02T13:59:29","date_gmt":"2018-05-02T13:59:29","guid":{"rendered":"http:\/\/mqperformance.ch.80-74-153-170.malta.metanet.ch\/?page_id=2142"},"modified":"2018-06-28T14:31:24","modified_gmt":"2018-06-28T12:31:24","slug":"datenschutz","status":"publish","type":"page","link":"https:\/\/mqperformance.ch\/?page_id=2142","title":{"rendered":"Datenschutz"},"content":{"rendered":"<h1>Datenschutz<\/h1>\n<p>Lieber Nutzer,<br \/>\nwir nehmen den Schutz Ihrer personenbezogener Daten sehr ernst und m\u00f6chte Sie daher dar\u00fcber informieren, wie mit Ihren pers\u00f6nlichen Daten umgegangen wird, die Sie uns im Zuge der Nutzung unseres Angebotes \u00fcbermitteln.<\/p>\n<p><strong>Keine Datenspeicherung im Informationsteil des Angebots<\/strong><br \/>\nWenn Sie nur den Informationsteil unseres Internet-Angebots nutzen, ben\u00f6tigen und speichern wir keine pers\u00f6nlichen Daten.<\/p>\n<p><strong>Hinweis auf Datenschutzerkl\u00e4rung<\/strong><br \/>\nVor jeder Speicherung von pers\u00f6nlichen Daten, werden wir Sie auf diese Datenschutzerkl\u00e4rung hinweisen. Die Speicherung nehmen wir nur vor, wenn Sie dieser Datenschutzerkl\u00e4rung zugestimmt haben. Wir verarbeiten Ihre Daten mit \u00e4u\u00dferster Sorgfalt und nutzen sie ausschlie\u00dflich f\u00fcr die Vertragserf\u00fcllung und Ihre gesch\u00e4ftliche Information durch uns und unsere Gesch\u00e4ftspartner, an die wir Ihre Daten weiter geben.<\/p>\n<p><strong>Speicherung von pers\u00f6nlichen und sonstigen Daten<\/strong><br \/>\nDie zur Auftragserteilung notwendigerweise auszuf\u00fcllenden Felder sind mit einem * gekennzeichnet. Es werden nur jene personenbezogenen Daten als verpflichtend markiert, die unerl\u00e4sslich f\u00fcr die Auftragserteilung sind. Die Eingabe weiterer Daten erfolgt auf freiwilliger Basis und wird f\u00fcr sie in den h\u00e4ufigsten F\u00e4llen vorteilhaft sein.<\/p>\n<p><strong>Cookies<\/strong><br \/>\nTeilweise werden Cookies benutzt, um Ihnen die Nutzung unseres Angebotes zu erleichtern. Cookies sind kleine Informationsdateien, die von Ihrem Internet-Browser auf die Festplatte Ihres Computers gespeichert werden. Unsere Cookies enthalten keine personenbezogenen Daten. Die meisten Internet-Browser akzeptieren Cookies automatisch, k\u00f6nnen jedoch so eingestellt werden, dass sie Cookies ablehnen. Wenn Sie Probleme bei der Nutzung des Angebots haben, sollten Sie zun\u00e4chst die Sicherheitseinstellungen Ihres Browsers bez\u00fcglich der Behandlung von Cookies \u00fcberpr\u00fcfen und ihn so einstellen, dass er Cookies akzeptiert.<\/p>\n<p><strong>Widerruf<\/strong><br \/>\nSie k\u00f6nnen eine einmal erteilte Einwilligung zur Nutzung Ihrer Daten jederzeit schriftlich oder elektronisch widerrufen:<br \/>\nmq performance<br \/>\nHerr Marcel Quici<br \/>\nZ\u00fcrcherstrasse 26<br \/>\n4332 Stein\/ AG<br \/>\nSchweiz<\/p>\n<p>Tel.: 0041 (0) 62 558 66 77<br \/>\nEmail:&nbsp;<script type=\"text\/javascript\">\/\/ <![CDATA[\nvar a=\"mqperformance\";\nvar b=\"gmx.ch\";\ndocument.write('<a href=\"mailto:'+a+'@'+b+'\">'+a+'@'+b+'<\/a>');\n\/\/ ]]><\/script><\/p>\n<p>Im Falle Ihres Widerrufs der Speicherung und der Verarbeitung Ihrer Daten k\u00f6nnen wir bestimmte Dienste wie z.B. die Zustellung des Newsletters nicht mehr erbringen.<\/p>\n<p><strong>Nutzungsauswertung mit Hilfe von Google Analytics<\/strong><br \/>\nDiese Website benutzt Google Analytics, einen Webanalysedienst der Google Inc. (\u201cGoogle\u201d). Google Analytics verwendet sog. \u201cCookies\u201d, Textdateien, die auf Ihrem Computer gespeichert werden und die eine Analyse der Benutzung der Website durch Sie erm\u00f6glichen. Die durch den Cookie erzeugten Informationen \u00fcber Ihre Benutzung dieser Website werden in der Regel an einen Server von Google in den USA \u00fcbertragen und dort gespeichert. Im Falle der Aktivierung der IP-Anonymisierung auf dieser Webseite, wird Ihre IP-Adresse von Google jedoch innerhalb von Mitgliedstaaten der Europ\u00e4ischen Union oder in anderen Vertragsstaaten des Abkommens \u00fcber den Europ\u00e4ischen Wirtschaftsraum zuvor gek\u00fcrzt. Nur in Ausnahmef\u00e4llen wird die volle IP-Adresse an einen Server von Google in den USA \u00fcbertragen und dort gek\u00fcrzt. Im Auftrag des Betreibers dieser Website wird Google diese Informationen benutzen, um Ihre Nutzung der Website auszuwerten, um Reports \u00fcber die Websiteaktivit\u00e4ten zusammenzustellen und um weitere mit der Websitenutzung und der Internetnutzung verbundene Dienstleistungen gegen\u00fcber dem Websitebetreiber zu erbringen. Die im Rahmen von Google Analytics von Ihrem Browser \u00fcbermittelte IP-Adresse wird nicht mit anderen Daten von Google zusammengef\u00fchrt.<\/p>\n<p>Sie k\u00f6nnen die Speicherung der Cookies durch eine entsprechende Einstellung Ihrer Browser-Software verhindern; wir weisen Sie jedoch darauf hin, dass Sie in diesem Fall gegebenenfalls nicht s\u00e4mtliche Funktionen dieser Website vollumf\u00e4nglich werden nutzen k\u00f6nnen. Sie k\u00f6nnen dar\u00fcber hinaus die Erfassung der durch das Cookie erzeugten und auf Ihre Nutzung der Website bezogenen Daten (inkl. Ihrer IP-Adresse) an Google sowie die Verarbeitung dieser Daten durch Google, wie nachfolgend beschrieben, verhindern:<\/p>\n<p><strong>Widerspruchsm\u00f6glichkeit<\/strong><br \/>\nDer Datenerhebung und -speicherung durch Google Analytics kann jederzeit mit Wirkung f\u00fcr die Zukunft widersprochen werden. Sie haben dazu die M\u00f6glichkeit, ein von Google herausgegebenes Browser-Plugin zu installieren. Dieses steht f\u00fcr verschiedene Browser-Versionen zur Verf\u00fcgung und kann unter&nbsp;<a href=\"http:\/\/tools.google.com\/dlpage\/gaoptout?hl=de\">http:\/\/tools.google.com\/dlpage\/gaoptout?hl=de<\/a>&nbsp;heruntergeladen werden.<\/p>\n<p><strong>Verwendung von Facebook Social Plugins<\/strong><br \/>\nUnser Internetauftritt verwendet Social Plugins (&#171;Plugins&#187;) des sozialen Netzwerkes facebook.com, welches von der Facebook Inc., 1601 S. California Ave, Palo Alto, CA 94304, USA betrieben wird (&#171;Facebook&#187;). Die Plugins sind mit einem Facebook Logo oder dem Zusatz &#171;Facebook Social Plugin&#187; gekennzeichnet.<\/p>\n<p>Wenn Sie eine Webseite unseres Internetauftritts aufrufen, die ein solches Plugin enth\u00e4lt, baut Ihr Browser eine direkte Verbindung mit den Servern von Facebook auf. Der Inhalt des Plugins wird von Facebook direkt an Ihren Browser \u00fcbermittelt und von diesem in die Webseite eingebunden.&nbsp;<\/p>\n<p>Durch die Einbindung der Plugins erh\u00e4lt Facebook die Information, dass Sie die entsprechende Seite unseres Internetauftritts aufgerufen haben. Sind Sie bei Facebook eingeloggt kann Facebook den Besuch Ihrem Facebook-Konto zuordnen. Wenn Sie mit den Plugins interagieren, zum Beispiel den &#171;Gef\u00e4llt mir&#187; Button bet\u00e4tigen oder einen Kommentar abgeben, wird die entsprechende Information von Ihrem Browser direkt an Facebook \u00fcbermittelt und dort gespeichert.<\/p>\n<p>Zweck und Umfang der Datenerhebung und die weitere Verarbeitung und Nutzung der Daten durch Facebook sowie Ihre diesbez\u00fcglichen Rechte und Einstellungsm\u00f6glichkeiten zum Schutz Ihrer Privatssph\u00e4re entnehmen Sie bitte den Datenschutzhinweisen von Facebook. (<a href=\"http:\/\/www.facebook.com\/policy.php\">http:\/\/www.facebook.com\/policy.php<\/a>) Wenn Sie nicht m\u00f6chten, dass Facebook \u00fcber unseren Internetauftritt Daten \u00fcber Sie sammelt, m\u00fcssen Sie sich vor Ihrem Besuch unseres Internetauftritts bei Facebook ausloggen.<\/p>\n<p>Dar\u00fcber hinaus k\u00f6nnen Sie die Erfassung durch Google Analytics verhindern, indem Sie auf folgenden Link klicken. Es wird ein Opt-Out-Cookie gesetzt, das die zuk\u00fcnftige Erfassung Ihrer Daten beim Besuch dieser Website verhindert:&nbsp;Google Analytics deaktivieren(mobile Endger\u00e4te)&nbsp;<a href=\"https:\/\/tools.google.com\/dlpage\/gaoptout?hl=de\">Browser-Add-on um Google Analytics zu deaktivieren<\/a><\/p>\n<p><strong>Google Web Fonts<br \/>\n<\/strong>Auf dieser Website werden zur ansprechenden Darstellung Schriften verwendet \u2013 sogenannte Google Fonts, die von Google LLC bereitgestellt werden. Diese Web Fonts werden automatisch in den Cache ihres Browsers \u00fcbertragen. Zu diesem Zweck muss der von Ihnen verwendete Browser Verbindung zu den Servern von Google aufnehmen. Hierdurch bekommt Google die Information, dass \u00fcber Ihre IP-Adresse unsere Website aufgerufen wurde. Falls Ihr Browser Web Fonts nicht unterst\u00fctzt oder den Zugriff unterbindet, wird eine Standardschrift von Ihrem Computer verwendet.Weitere Informationen finden Sie in der Datenschutzerkl\u00e4rung von Google.<\/p>\n<p><strong>Server-Log-Files<br \/>\n<\/strong>Der Provider dieser Website erhebt und speichert aus technischen Gr\u00fcnden Informationen \u00fcber Zugriffe in so genannten Server-Log Files, die Ihr Browser automatisch an uns \u00fcbermittelt. Dies sind: Browsertyp und Browserversion verwendetes Betriebssystem Referrer URL Hostname des zugreifen den Rechners Uhrzeit der Serveranfrage verwendete IP-Adresse eine Meldung, ob die Anfrage erfolgreich war Diese Daten k\u00f6nnen ohne Pr\u00fcfung weiterer Datenquellen keinen bestimmten Personen zugeordnet werden und dienen lediglich statistischen Auswertungen. Zweck der Datenspeicherung: Wir verwenden die Server-Logfiles zum Zweck des Betriebs, der Sicherheit und der Optimierung des online-Angebotes. Wir behalten uns vor, die Server-Logfiles nachtr\u00e4glich zu \u00fcberpr\u00fcfen, sollten konkrete Anhaltspunkte auf eine rechtswidrige Nutzung hinweisen.<\/p>\n<p><strong>Google Maps<\/strong><br \/>\nDiese Website nutzt zur Darstellung des Standorts und der Erstellung einer Anfahrtsbeschreibung Google Maps, die von Google LLC, 1600 Amphitheatre Parkway, Mountain View, CA 94043, USA angeboten werden. Wenn Sie Google Maps nutzen, werden Informationen \u00fcber die Nutzung der Maps-Funktionen an einen Google Server in den USA \u00fcbertragen werden, z.B. Datum und Uhrzeit des Besuchs auf der Webseite Internetadresse IP-Adresse. Mehr Informationen zu Google Maps finden Sie unter \u201eNutzungsbedingungen von Google Maps\u201c und in der Datenschutzerkl\u00e4rung von Google. Durch die Nutzung dieser Website erkl\u00e4ren Sie sich mit der Erfassung, Bearbeitung sowie der Nutzung der automatisch erhobenen sowie der von Ihnen eingegeben Daten durch Google einverstanden.<\/p>\n<p><strong>Youtube<br \/>\n<\/strong>Datenschutzrechtlicher Hinweis betreffend YouTube Unsere Webseite nutzt Plugins der von Google betriebenen Seite YouTube. Betreiber der Seiten ist die YouTube, LLC, 901 Cherry Ave., San Bruno, CA 94066, USA. Wenn Sie eine unserer mit einem YouTube-Plugin ausgestatteten Seiten besuchen, wird eine Verbindung zu den Servern von YouTube hergestellt. Dabei wird dem Youtube-Server mitgeteilt, welche unserer Seiten Sie besucht haben. Wenn Sie in Ihrem YouTube-Account eingeloggt sind erm\u00f6glichen Sie YouTube, Ihr Surfverhalten direkt Ihrem pers\u00f6nlichen Profil zuzuordnen. Dies k\u00f6nnen Sie verhindern, indem Sie sich aus Ihrem YouTube-Account ausloggen. Weitere Informationen zum Umgang von Nutzerdaten finden Sie in der Datenschutzerkl\u00e4rung von YouTube unter <a href=\"https:\/\/www.google.de\/intl\/de\/policies\/privacy\">https:\/\/www.google.de\/intl\/de\/policies\/privacy<\/a><\/p>\n<p><strong>Welche Rechte haben Sie bez\u00fcglich Ihrer Daten?<\/strong><br \/>\nSie haben jederzeit das Recht unentgeltlich Auskunft \u00fcber Herkunft, Empf\u00e4nger und Zweck Ihrer gespeicherten personenbezogenen Daten zu erhalten. Sie haben au\u00dferdem ein Recht, die Berichtigung, Sperrung oder L\u00f6schung dieser Daten zu verlangen. Hierzu k\u00f6nnen Sie sich jederzeit an die folgende Adresse wenden:&nbsp;Email:&nbsp;<script type=\"text\/javascript\">\/\/ <![CDATA[\nvar a=\"mqperformance\";\nvar b=\"gmx.ch\";\ndocument.write('<a href=\"mailto:'+a+'@'+b+'\">'+a+'@'+b+'<\/a>');\n\/\/ ]]><\/script>&nbsp;Geben Sie hierbei an ob Sie Auskunft zu den erfassten Daten erhalten m\u00f6chten oder eine L\u00f6schung beantragen m\u00f6chten.<\/p>\n","protected":false},"excerpt":{"rendered":"<p>Datenschutz Lieber Nutzer, wir nehmen den Schutz Ihrer personenbezogener Daten sehr ernst und m\u00f6chte Sie daher dar\u00fcber informieren, wie mit Ihren pers\u00f6nlichen Daten umgegangen wird, die Sie uns im Zuge der Nutzung unseres Angebotes \u00fcbermitteln. Keine Datenspeicherung im Informationsteil des Angebots Wenn Sie nur den Informationsteil unseres Internet-Angebots nutzen, ben\u00f6tigen und speichern wir keine pers\u00f6nlichen<a href=\"https:\/\/mqperformance.ch\/?page_id=2142\" class=\"more-link\">Continue reading <span class=\"screen-reader-text\">Datenschutz<\/span><\/a><\/p>\n","protected":false},"author":1,"featured_media":0,"parent":0,"menu_order":0,"comment_status":"closed","ping_status":"closed","template":"","meta":{"_exactmetrics_skip_tracking":false,"_exactmetrics_sitenote_active":false,"_exactmetrics_sitenote_note":"","_exactmetrics_sitenote_category":0,"ngg_post_thumbnail":0,"footnotes":""},"class_list":["post-2142","page","type-page","status-publish","hentry"],"_links":{"self":[{"href":"https:\/\/mqperformance.ch\/index.php?rest_route=\/wp\/v2\/pages\/2142","targetHints":{"allow":["GET"]}}],"collection":[{"href":"https:\/\/mqperformance.ch\/index.php?rest_route=\/wp\/v2\/pages"}],"about":[{"href":"https:\/\/mqperformance.ch\/index.php?rest_route=\/wp\/v2\/types\/page"}],"author":[{"embeddable":true,"href":"https:\/\/mqperformance.ch\/index.php?rest_route=\/wp\/v2\/users\/1"}],"replies":[{"embeddable":true,"href":"https:\/\/mqperformance.ch\/index.php?rest_route=%2Fwp%2Fv2%2Fcomments&post=2142"}],"version-history":[{"count":7,"href":"https:\/\/mqperformance.ch\/index.php?rest_route=\/wp\/v2\/pages\/2142\/revisions"}],"predecessor-version":[{"id":2536,"href":"https:\/\/mqperformance.ch\/index.php?rest_route=\/wp\/v2\/pages\/2142\/revisions\/2536"}],"wp:attachment":[{"href":"https:\/\/mqperformance.ch\/index.php?rest_route=%2Fwp%2Fv2%2Fmedia&parent=2142"}],"curies":[{"name":"wp","href":"https:\/\/api.w.org\/{rel}","templated":true}]}}