{"id":2017,"date":"2018-04-30T13:01:22","date_gmt":"2018-04-30T13:01:22","guid":{"rendered":"http:\/\/mqperformance.ch.80-74-153-170.malta.metanet.ch\/?page_id=2017"},"modified":"2018-06-04T14:23:25","modified_gmt":"2018-06-04T14:23:25","slug":"service-reparatur","status":"publish","type":"page","link":"https:\/\/mqperformance.ch\/?page_id=2017","title":{"rendered":"Service &#038; Reparatur"},"content":{"rendered":"<p>mq performance ist eine markenunabh\u00e4ngige Motorradschmiede. Egal ob jung oder alt, ob mit Elektronik oder Vergaser, alle Arbeiten werden unter Ber\u00fccksichtigung der Herstellervorgaben get\u00e4tigt.&nbsp;Unsere Dienstleistung runden wir im Sinne des \u00abFull-Service\u00bb ab, so bieten wir ebenso reine Diagnostik und MFK Pr\u00fcfungen an. Sollte etwas nicht erw\u00e4hnt sein, was Du suchst, frage uns ungeniert. Wir finden immer einen Weg.<\/p>\n<p>Wir sind nur ein Klick oder Anruf entfernt und freuen uns auf gemeinsame Projekte.<\/p>\nngg_shortcode_0_placeholder\n","protected":false},"excerpt":{"rendered":"<p>mq performance ist eine markenunabh\u00e4ngige Motorradschmiede. Egal ob jung oder alt, ob mit Elektronik oder Vergaser, alle Arbeiten werden unter Ber\u00fccksichtigung der Herstellervorgaben get\u00e4tigt.&nbsp;Unsere Dienstleistung runden wir im Sinne des \u00abFull-Service\u00bb ab, so bieten wir ebenso reine Diagnostik und MFK Pr\u00fcfungen an. Sollte etwas nicht erw\u00e4hnt sein, was Du suchst, frage uns ungeniert. Wir finden<a href=\"https:\/\/mqperformance.ch\/?page_id=2017\" class=\"more-link\">Continue reading <span class=\"screen-reader-text\">Service &#038; Reparatur<\/span><\/a><\/p>\n","protected":false},"author":1,"featured_media":0,"parent":0,"menu_order":0,"comment_status":"closed","ping_status":"closed","template":"","meta":{"_exactmetrics_skip_tracking":false,"_exactmetrics_sitenote_active":false,"_exactmetrics_sitenote_note":"","_exactmetrics_sitenote_category":0,"ngg_post_thumbnail":0,"footnotes":""},"class_list":["post-2017","page","type-page","status-publish","hentry"],"_links":{"self":[{"href":"https:\/\/mqperformance.ch\/index.php?rest_route=\/wp\/v2\/pages\/2017","targetHints":{"allow":["GET"]}}],"collection":[{"href":"https:\/\/mqperformance.ch\/index.php?rest_route=\/wp\/v2\/pages"}],"about":[{"href":"https:\/\/mqperformance.ch\/index.php?rest_route=\/wp\/v2\/types\/page"}],"author":[{"embeddable":true,"href":"https:\/\/mqperformance.ch\/index.php?rest_route=\/wp\/v2\/users\/1"}],"replies":[{"embeddable":true,"href":"https:\/\/mqperformance.ch\/index.php?rest_route=%2Fwp%2Fv2%2Fcomments&post=2017"}],"version-history":[{"count":4,"href":"https:\/\/mqperformance.ch\/index.php?rest_route=\/wp\/v2\/pages\/2017\/revisions"}],"predecessor-version":[{"id":2368,"href":"https:\/\/mqperformance.ch\/index.php?rest_route=\/wp\/v2\/pages\/2017\/revisions\/2368"}],"wp:attachment":[{"href":"https:\/\/mqperformance.ch\/index.php?rest_route=%2Fwp%2Fv2%2Fmedia&parent=2017"}],"curies":[{"name":"wp","href":"https:\/\/api.w.org\/{rel}","templated":true}]}}