{"id":1975,"date":"2018-04-30T10:19:37","date_gmt":"2018-04-30T10:19:37","guid":{"rendered":"http:\/\/mqperformance.ch.80-74-153-170.malta.metanet.ch\/?page_id=1975"},"modified":"2018-05-31T08:39:51","modified_gmt":"2018-05-31T08:39:51","slug":"historie","status":"publish","type":"page","link":"https:\/\/mqperformance.ch\/?page_id=1975","title":{"rendered":"Historie"},"content":{"rendered":"<p>Der Wunsch der Selbstst\u00e4ndigkeit liegt schon einige Jahre zur\u00fcck und erfordert doch immer eine extra Portion Mut. Gerade wenn man eine Familie zu ern\u00e4hren hat und eine entsprechend hohe Verantwortung tr\u00e4gt. Doch wenn Begeisterung, Fachwissen und handwerkliches Geschick aufeinandertreffen, entsteht Leidenschaft.<\/p>\n<p>Diese Leidenschaft brachte uns im 2011 dazu, diesen Schritt zu gehen. Gemeinsam beschlossen wir unsere kleine Motorradschmiede zu er\u00f6ffnen. W\u00e4hrend den ersten Jahren wurde mq performance nur an bestimmten Tagen ge\u00f6ffnet. Umso in Ruhe und ohne Druck wachsen zu k\u00f6nnen.<\/p>\n<p>7 Jahre sp\u00e4ter ist die Nachfrage so gross, dass die T\u00fcren 5 Tage die Woche ge\u00f6ffnet sind. Unsere werten Stammkunden und auch der stetige Neuzuwachs zeigen uns, dass wir auf dem richtigen Weg sind.<\/p>\n<p>Ein grosses Dankesch\u00f6n an alle, die uns w\u00e4hrend der Aufbauphase und auch dar\u00fcber hinaus unterst\u00fctzt haben. Auch m\u00f6chten wir uns f\u00fcr die Treue unserer Kunden bedanken und freuen uns auf weitere erfolgreiche und spannende gemeinsame Jahre.<\/p>\n","protected":false},"excerpt":{"rendered":"<p>Der Wunsch der Selbstst\u00e4ndigkeit liegt schon einige Jahre zur\u00fcck und erfordert doch immer eine extra Portion Mut. Gerade wenn man eine Familie zu ern\u00e4hren hat und eine entsprechend hohe Verantwortung tr\u00e4gt. Doch wenn Begeisterung, Fachwissen und handwerkliches Geschick aufeinandertreffen, entsteht Leidenschaft. Diese Leidenschaft brachte uns im 2011 dazu, diesen Schritt zu gehen. Gemeinsam beschlossen wir<a href=\"https:\/\/mqperformance.ch\/?page_id=1975\" class=\"more-link\">Continue reading <span class=\"screen-reader-text\">Historie<\/span><\/a><\/p>\n","protected":false},"author":1,"featured_media":0,"parent":0,"menu_order":0,"comment_status":"closed","ping_status":"closed","template":"","meta":{"_exactmetrics_skip_tracking":false,"_exactmetrics_sitenote_active":false,"_exactmetrics_sitenote_note":"","_exactmetrics_sitenote_category":0,"ngg_post_thumbnail":0,"footnotes":""},"class_list":["post-1975","page","type-page","status-publish","hentry"],"_links":{"self":[{"href":"https:\/\/mqperformance.ch\/index.php?rest_route=\/wp\/v2\/pages\/1975","targetHints":{"allow":["GET"]}}],"collection":[{"href":"https:\/\/mqperformance.ch\/index.php?rest_route=\/wp\/v2\/pages"}],"about":[{"href":"https:\/\/mqperformance.ch\/index.php?rest_route=\/wp\/v2\/types\/page"}],"author":[{"embeddable":true,"href":"https:\/\/mqperformance.ch\/index.php?rest_route=\/wp\/v2\/users\/1"}],"replies":[{"embeddable":true,"href":"https:\/\/mqperformance.ch\/index.php?rest_route=%2Fwp%2Fv2%2Fcomments&post=1975"}],"version-history":[{"count":3,"href":"https:\/\/mqperformance.ch\/index.php?rest_route=\/wp\/v2\/pages\/1975\/revisions"}],"predecessor-version":[{"id":2248,"href":"https:\/\/mqperformance.ch\/index.php?rest_route=\/wp\/v2\/pages\/1975\/revisions\/2248"}],"wp:attachment":[{"href":"https:\/\/mqperformance.ch\/index.php?rest_route=%2Fwp%2Fv2%2Fmedia&parent=1975"}],"curies":[{"name":"wp","href":"https:\/\/api.w.org\/{rel}","templated":true}]}}