{"id":14,"date":"2018-04-30T06:14:55","date_gmt":"2018-04-30T06:14:55","guid":{"rendered":"http:\/\/mqperformance.ch.80-74-153-170.malta.metanet.ch\/?page_id=14"},"modified":"2020-06-27T11:26:14","modified_gmt":"2020-06-27T09:26:14","slug":"home","status":"publish","type":"page","link":"https:\/\/mqperformance.ch\/","title":{"rendered":"Home"},"content":{"rendered":"<p>Klein aber fein\u2026<\/p>\n<p>\u2026so treffen bei mq performance Begeisterung, handwerkliches Geschick, Fachwissen und Leidenschaft aufeinander.<\/p>\n<p>Das Ergebnis: Eine Motorradschmiede voller Passion!<\/p>\n<p>Menschen verbindet die Gemeinsamkeit und die Beziehung zueinander. Dies wollen wir jeden Tag aufs Neue leben und beweisen.<\/p>\n<p>mq performance ber\u00e4t bewusst individuell und auf die Kundenbed\u00fcrfnisse zugeschnitten. Dank des grossen Erfahrungsschatzes finden alte wie auch neue Motorr\u00e4der, mit Vergaser oder mit Elektronik ihren Platz in der Motorradschmiede.<\/p>\n<p>Reparaturen, Beratung, Reifenwechsel, Servicearbeiten, Diagnose, MFK-Bereitstellungen, Umbauten, Restaurationen oder individuelle, massgeschneiderte Anpassungen \u2013 wir freuen uns auf Dich!<\/p>\n<p>&nbsp;<\/p>\n","protected":false},"excerpt":{"rendered":"<p>Klein aber fein\u2026 \u2026so treffen bei mq performance Begeisterung, handwerkliches Geschick, Fachwissen und Leidenschaft aufeinander. Das Ergebnis: Eine Motorradschmiede voller Passion! Menschen verbindet die Gemeinsamkeit und die Beziehung zueinander. Dies wollen wir jeden Tag aufs Neue leben und beweisen. mq performance ber\u00e4t bewusst individuell und auf die Kundenbed\u00fcrfnisse zugeschnitten. Dank des grossen Erfahrungsschatzes finden alte<a href=\"https:\/\/mqperformance.ch\/\" class=\"more-link\">Continue reading <span class=\"screen-reader-text\">Home<\/span><\/a><\/p>\n","protected":false},"author":1,"featured_media":0,"parent":0,"menu_order":0,"comment_status":"closed","ping_status":"closed","template":"","meta":{"_exactmetrics_skip_tracking":false,"_exactmetrics_sitenote_active":false,"_exactmetrics_sitenote_note":"","_exactmetrics_sitenote_category":0,"ngg_post_thumbnail":0,"footnotes":""},"class_list":["post-14","page","type-page","status-publish","hentry"],"_links":{"self":[{"href":"https:\/\/mqperformance.ch\/index.php?rest_route=\/wp\/v2\/pages\/14","targetHints":{"allow":["GET"]}}],"collection":[{"href":"https:\/\/mqperformance.ch\/index.php?rest_route=\/wp\/v2\/pages"}],"about":[{"href":"https:\/\/mqperformance.ch\/index.php?rest_route=\/wp\/v2\/types\/page"}],"author":[{"embeddable":true,"href":"https:\/\/mqperformance.ch\/index.php?rest_route=\/wp\/v2\/users\/1"}],"replies":[{"embeddable":true,"href":"https:\/\/mqperformance.ch\/index.php?rest_route=%2Fwp%2Fv2%2Fcomments&post=14"}],"version-history":[{"count":30,"href":"https:\/\/mqperformance.ch\/index.php?rest_route=\/wp\/v2\/pages\/14\/revisions"}],"predecessor-version":[{"id":3201,"href":"https:\/\/mqperformance.ch\/index.php?rest_route=\/wp\/v2\/pages\/14\/revisions\/3201"}],"wp:attachment":[{"href":"https:\/\/mqperformance.ch\/index.php?rest_route=%2Fwp%2Fv2%2Fmedia&parent=14"}],"curies":[{"name":"wp","href":"https:\/\/api.w.org\/{rel}","templated":true}]}}